{"id":6163,"date":"2024-01-11T06:26:36","date_gmt":"2024-01-11T06:26:36","guid":{"rendered":"https:\/\/campervanhirehobart.com.au\/ueber-uns\/"},"modified":"2024-03-15T01:30:45","modified_gmt":"2024-03-15T01:30:45","slug":"ueber-uns","status":"publish","type":"page","link":"https:\/\/campervanhirehobart.com.au\/de\/ueber-uns\/","title":{"rendered":"\u00dcber uns"},"content":{"rendered":"<style>.kb-row-layout-id2807_5cd687-b4 > .kt-row-column-wrap{align-content:start;}:where(.kb-row-layout-id2807_5cd687-b4 > .kt-row-column-wrap) > .wp-block-kadence-column{justify-content:start;}.kb-row-layout-id2807_5cd687-b4 > .kt-row-column-wrap{column-gap:var(--global-kb-gap-md, 2rem);row-gap:var(--global-kb-gap-md, 2rem);max-width:var( --global-content-width, 1290px );padding-left:var(--global-content-edge-padding);padding-right:var(--global-content-edge-padding);padding-top:var(--global-kb-spacing-xxl, 5rem);padding-bottom:var(--global-kb-spacing-xxl, 5rem);grid-template-columns:minmax(0, 1fr);}.kb-row-layout-id2807_5cd687-b4 > .kt-row-layout-overlay{opacity:0.00;}@media all and (max-width: 1024px){.kb-row-layout-id2807_5cd687-b4 > .kt-row-column-wrap{grid-template-columns:minmax(0, 1fr);}}@media all and (max-width: 767px){.kb-row-layout-id2807_5cd687-b4 > .kt-row-column-wrap{grid-template-columns:minmax(0, 1fr);}}<\/style><div class=\"kb-row-layout-wrap kb-row-layout-id2807_5cd687-b4 alignfull has-theme-palette1-background-color kt-row-has-bg wp-block-kadence-rowlayout\"><div class=\"kt-row-column-wrap kt-has-1-columns kt-row-layout-equal kt-tab-layout-inherit kt-mobile-layout-row kt-row-valign-top kb-theme-content-width\">\n<style>.kadence-column2807_e4825d-d0 > .kt-inside-inner-col{display:flex;}.kadence-column2807_e4825d-d0 > .kt-inside-inner-col,.kadence-column2807_e4825d-d0 > .kt-inside-inner-col:before{border-top-left-radius:0px;border-top-right-radius:0px;border-bottom-right-radius:0px;border-bottom-left-radius:0px;}.kadence-column2807_e4825d-d0 > .kt-inside-inner-col{column-gap:var(--global-kb-gap-sm, 1rem);}.kadence-column2807_e4825d-d0 > .kt-inside-inner-col{flex-direction:column;align-items:center;}.kadence-column2807_e4825d-d0 > .kt-inside-inner-col > .kb-image-is-ratio-size{align-self:stretch;}.kadence-column2807_e4825d-d0 > .kt-inside-inner-col > .wp-block-kadence-advancedgallery{align-self:stretch;}.kadence-column2807_e4825d-d0 > .kt-inside-inner-col > .aligncenter{width:100%;}.kadence-column2807_e4825d-d0 > .kt-inside-inner-col:before{opacity:0.3;}.kadence-column2807_e4825d-d0{text-align:left;}.kadence-column2807_e4825d-d0{position:relative;}@media all and (max-width: 1024px){.kadence-column2807_e4825d-d0 > .kt-inside-inner-col{flex-direction:column;align-items:center;}}@media all and (max-width: 767px){.kadence-column2807_e4825d-d0 > .kt-inside-inner-col{flex-direction:column;align-items:center;}}<\/style>\n<div class=\"wp-block-kadence-column kadence-column2807_e4825d-d0 kb-section-dir-vertical inner-column-1\"><div class=\"kt-inside-inner-col\"><style>.kb-row-layout-id2807_948f36-50 > .kt-row-column-wrap{align-content:start;}:where(.kb-row-layout-id2807_948f36-50 > .kt-row-column-wrap) > .wp-block-kadence-column{justify-content:start;}.kb-row-layout-id2807_948f36-50 > .kt-row-column-wrap{column-gap:var(--global-kb-gap-md, 2rem);row-gap:var(--global-kb-gap-md, 2rem);max-width:540px;margin-left:auto;margin-right:auto;grid-template-columns:minmax(0, 1fr);}.kb-row-layout-id2807_948f36-50 > .kt-row-layout-overlay{opacity:0.30;}@media all and (max-width: 1024px){.kb-row-layout-id2807_948f36-50 > .kt-row-column-wrap{grid-template-columns:minmax(0, 1fr);}}@media all and (max-width: 767px){.kb-row-layout-id2807_948f36-50 > .kt-row-column-wrap{grid-template-columns:minmax(0, 1fr);}}<\/style><div class=\"kb-row-layout-wrap kb-row-layout-id2807_948f36-50 alignnone wp-block-kadence-rowlayout\"><div class=\"kt-row-column-wrap kt-has-1-columns kt-row-layout-equal kt-tab-layout-inherit kt-mobile-layout-row kt-row-valign-top\">\n<style>.kadence-column2807_a819f6-b3 > .kt-inside-inner-col,.kadence-column2807_a819f6-b3 > .kt-inside-inner-col:before{border-top-left-radius:0px;border-top-right-radius:0px;border-bottom-right-radius:0px;border-bottom-left-radius:0px;}.kadence-column2807_a819f6-b3 > .kt-inside-inner-col{column-gap:var(--global-kb-gap-sm, 1rem);}.kadence-column2807_a819f6-b3 > .kt-inside-inner-col{flex-direction:column;}.kadence-column2807_a819f6-b3 > .kt-inside-inner-col > .aligncenter{width:100%;}.kadence-column2807_a819f6-b3 > .kt-inside-inner-col:before{opacity:0.3;}.kadence-column2807_a819f6-b3{position:relative;}@media all and (max-width: 1024px){.kadence-column2807_a819f6-b3 > .kt-inside-inner-col{flex-direction:column;}}@media all and (max-width: 767px){.kadence-column2807_a819f6-b3 > .kt-inside-inner-col{flex-direction:column;}}<\/style>\n<div class=\"wp-block-kadence-column kadence-column2807_a819f6-b3\"><div class=\"kt-inside-inner-col\"><style>.wp-block-kadence-advancedheading.kt-adv-heading2807_82f84d-c6, .wp-block-kadence-advancedheading.kt-adv-heading2807_82f84d-c6[data-kb-block=\"kb-adv-heading2807_82f84d-c6\"]{margin-top:0px;text-align:center;font-size:var(--global-kb-font-size-xxl, 4rem);line-height:1em;font-style:normal;}.wp-block-kadence-advancedheading.kt-adv-heading2807_82f84d-c6 mark.kt-highlight, .wp-block-kadence-advancedheading.kt-adv-heading2807_82f84d-c6[data-kb-block=\"kb-adv-heading2807_82f84d-c6\"] mark.kt-highlight{font-style:normal;color:#f76a0c;-webkit-box-decoration-break:clone;box-decoration-break:clone;padding-top:0px;padding-right:0px;padding-bottom:0px;padding-left:0px;}<\/style>\n<h2 class=\"kt-adv-heading2807_82f84d-c6 wp-block-kadence-advancedheading has-theme-palette-9-color has-text-color\" data-kb-block=\"kb-adv-heading2807_82f84d-c6\">\u00dcber uns<\/h2>\n<\/div><\/div>\n\n<\/div><\/div><\/div><\/div>\n\n<\/div><\/div><style>.kb-row-layout-id2807_da48c5-f7 > .kt-row-column-wrap{align-content:center;}:where(.kb-row-layout-id2807_da48c5-f7 > .kt-row-column-wrap) > .wp-block-kadence-column{justify-content:center;}.kb-row-layout-id2807_da48c5-f7 > .kt-row-column-wrap{column-gap:var(--global-kb-gap-lg, 4rem);row-gap:var(--global-kb-gap-md, 2rem);max-width:var( --global-content-width, 1290px );padding-left:var(--global-content-edge-padding);padding-right:var(--global-content-edge-padding);padding-top:var(--global-kb-spacing-xxl, 5rem);padding-bottom:var(--global-kb-spacing-xxl, 5rem);grid-template-columns:repeat(2, minmax(0, 1fr));}.kb-row-layout-id2807_da48c5-f7 > .kt-row-layout-overlay{opacity:0.30;}@media all and (max-width: 1024px){.kb-row-layout-id2807_da48c5-f7 > .kt-row-column-wrap{column-gap:var(--global-kb-gap-md, 2rem);padding-top:var(--global-kb-spacing-lg, 3rem);padding-right:var(--global-kb-spacing-lg, 3rem);padding-bottom:var(--global-kb-spacing-lg, 3rem);padding-left:var(--global-kb-spacing-lg, 3rem);grid-template-columns:minmax(0, 1fr);}}@media all and (max-width: 767px){.kb-row-layout-id2807_da48c5-f7 > .kt-row-column-wrap{grid-template-columns:minmax(0, 1fr);}}<\/style><div class=\"kb-row-layout-wrap kb-row-layout-id2807_da48c5-f7 alignfull has-theme-palette9-background-color kt-row-has-bg wp-block-kadence-rowlayout\"><div class=\"kt-row-column-wrap kt-has-2-columns kt-row-layout-equal kt-tab-layout-row kt-mobile-layout-row kt-row-valign-middle kb-theme-content-width\">\n<style>.kadence-column2807_4a8b46-74 > .kt-inside-inner-col,.kadence-column2807_4a8b46-74 > .kt-inside-inner-col:before{border-top-left-radius:0px;border-top-right-radius:0px;border-bottom-right-radius:0px;border-bottom-left-radius:0px;}.kadence-column2807_4a8b46-74 > .kt-inside-inner-col{column-gap:var(--global-kb-gap-sm, 1rem);}.kadence-column2807_4a8b46-74 > .kt-inside-inner-col{flex-direction:column;}.kadence-column2807_4a8b46-74 > .kt-inside-inner-col > .aligncenter{width:100%;}.kadence-column2807_4a8b46-74 > .kt-inside-inner-col:before{opacity:0.3;}.kadence-column2807_4a8b46-74{text-align:left;}.kadence-column2807_4a8b46-74{position:relative;}@media all and (max-width: 1024px){.kadence-column2807_4a8b46-74 > .kt-inside-inner-col{flex-direction:column;}}@media all and (max-width: 767px){.kadence-column2807_4a8b46-74 > .kt-inside-inner-col{flex-direction:column;}}<\/style>\n<div class=\"wp-block-kadence-column kadence-column2807_4a8b46-74 kb-section-dir-vertical inner-column-2\"><div class=\"kt-inside-inner-col\"><style>.kb-image2807_5672c6-ba .kb-image-has-overlay:after{opacity:0.3;}<\/style>\n<figure class=\"wp-block-kadence-image kb-image2807_5672c6-ba kb-image-is-ratio-size\"><div class=\"kb-is-ratio-image kb-image-ratio-square\"><img loading=\"lazy\" decoding=\"async\" width=\"1768\" height=\"1179\" src=\"https:\/\/campervanhirehobart.com.au\/wp-content\/uploads\/2023\/06\/campervan-hire-team2.jpg\" alt=\"campervanhire-team\" class=\"kb-img wp-image-229\" srcset=\"https:\/\/campervanhirehobart.com.au\/wp-content\/uploads\/2023\/06\/campervan-hire-team2.jpg 1768w, https:\/\/campervanhirehobart.com.au\/wp-content\/uploads\/2023\/06\/campervan-hire-team2-300x200.jpg 300w, https:\/\/campervanhirehobart.com.au\/wp-content\/uploads\/2023\/06\/campervan-hire-team2-1024x683.jpg 1024w, https:\/\/campervanhirehobart.com.au\/wp-content\/uploads\/2023\/06\/campervan-hire-team2-768x512.jpg 768w, https:\/\/campervanhirehobart.com.au\/wp-content\/uploads\/2023\/06\/campervan-hire-team2-1536x1024.jpg 1536w\" sizes=\"auto, (max-width: 1768px) 100vw, 1768px\" \/><\/div><\/figure>\n<\/div><\/div>\n\n\n<style>.kadence-column2807_8d1c2d-96 > .kt-inside-inner-col{display:flex;}.kadence-column2807_8d1c2d-96 > .kt-inside-inner-col,.kadence-column2807_8d1c2d-96 > .kt-inside-inner-col:before{border-top-left-radius:0px;border-top-right-radius:0px;border-bottom-right-radius:0px;border-bottom-left-radius:0px;}.kadence-column2807_8d1c2d-96 > .kt-inside-inner-col{column-gap:var(--global-kb-gap-sm, 1rem);}.kadence-column2807_8d1c2d-96 > .kt-inside-inner-col{flex-direction:column;justify-content:center;}.kadence-column2807_8d1c2d-96 > .kt-inside-inner-col > .aligncenter{width:100%;}.kt-row-column-wrap > .kadence-column2807_8d1c2d-96{align-self:center;}.kt-inner-column-height-full:not(.kt-has-1-columns) > .wp-block-kadence-column.kadence-column2807_8d1c2d-96{align-self:auto;}.kt-inner-column-height-full:not(.kt-has-1-columns) > .wp-block-kadence-column.kadence-column2807_8d1c2d-96 > .kt-inside-inner-col{flex-direction:column;justify-content:center;}.kadence-column2807_8d1c2d-96 > .kt-inside-inner-col:before{opacity:0.3;}.kadence-column2807_8d1c2d-96{text-align:left;}.kadence-column2807_8d1c2d-96{position:relative;}@media all and (max-width: 1024px){.kadence-column2807_8d1c2d-96 > .kt-inside-inner-col{padding-top:0px;padding-right:0px;padding-bottom:0px;padding-left:0px;flex-direction:column;}}@media all and (max-width: 1024px){.kt-row-column-wrap > .kadence-column2807_8d1c2d-96{align-self:center;}}@media all and (max-width: 1024px){.kt-inner-column-height-full:not(.kt-has-1-columns) > .wp-block-kadence-column.kadence-column2807_8d1c2d-96{align-self:auto;}}@media all and (max-width: 1024px){.kt-inner-column-height-full:not(.kt-has-1-columns) > .wp-block-kadence-column.kadence-column2807_8d1c2d-96 > .kt-inside-inner-col{flex-direction:column;justify-content:center;}}@media all and (max-width: 767px){.kt-row-column-wrap > .kadence-column2807_8d1c2d-96{align-self:center;}.kt-inner-column-height-full:not(.kt-has-1-columns) > .wp-block-kadence-column.kadence-column2807_8d1c2d-96{align-self:auto;}.kt-inner-column-height-full:not(.kt-has-1-columns) > .wp-block-kadence-column.kadence-column2807_8d1c2d-96 > .kt-inside-inner-col{flex-direction:column;justify-content:center;}.kadence-column2807_8d1c2d-96 > .kt-inside-inner-col{flex-direction:column;}}<\/style>\n<div class=\"wp-block-kadence-column kadence-column2807_8d1c2d-96 kb-section-dir-vertical inner-column-1\"><div class=\"kt-inside-inner-col\"><style>.wp-block-kadence-advancedheading.kt-adv-heading2807_5515ca-f2, .wp-block-kadence-advancedheading.kt-adv-heading2807_5515ca-f2[data-kb-block=\"kb-adv-heading2807_5515ca-f2\"]{font-size:var(--global-kb-font-size-md, 1.25rem);line-height:1.2;font-style:normal;}.wp-block-kadence-advancedheading.kt-adv-heading2807_5515ca-f2 mark.kt-highlight, .wp-block-kadence-advancedheading.kt-adv-heading2807_5515ca-f2[data-kb-block=\"kb-adv-heading2807_5515ca-f2\"] mark.kt-highlight{font-style:normal;color:#f76a0c;-webkit-box-decoration-break:clone;box-decoration-break:clone;padding-top:0px;padding-right:0px;padding-bottom:0px;padding-left:0px;}<\/style>\n<p class=\"kt-adv-heading2807_5515ca-f2 wp-block-kadence-advancedheading has-theme-palette-3-color has-text-color\" data-kb-block=\"kb-adv-heading2807_5515ca-f2\">Willkommen bei CampervanFinder.com, der Wohnmobilvermietung in den USA mit massiven Einsparungen!<\/p>\n\n\n\n<p>In den letzten 5 Jahren haben wir die besten Angebote f\u00fcr alle Arten von Freizeitfahrzeugen von f\u00fchrenden Anbietern in den Vereinigten Staaten von Amerika aufgesp\u00fcrt. Wir sind auf Wohnmobile, Wohnwagen und preisg\u00fcnstige Transporter spezialisiert und haben bereits Tausende von Fahrzeugen an zufriedene Kunden in aller Welt vermietet.<\/p>\n\n\n\n<p>Geben Sie Ihre Daten ein, um eine schnelle Antwort von einem unserer hochqualifizierten Vertriebsmitarbeiter zu erhalten, und fordern Sie innerhalb von Minuten ein Angebot an. Unsere Mitarbeiter sprechen 5 verschiedene Sprachen und arbeiten rund um die Uhr, 7 Tage die Woche.<\/p>\n\n\n\n<p>Unsere spezialisierten Wohnmobil-Berater werden in Ihrem Namen ein gutes Angebot aus einer Datenbank von \u00fcber 300 Wohnmobilfirmen weltweit aushandeln. Unsere &#8222;Bestpreisgarantie&#8220; wird Ihr Geld noch weiter in die H\u00f6he treiben und unsere Kaufkraft sorgt daf\u00fcr, dass Sie so schnell wie m\u00f6glich das richtige Fahrzeug erhalten.<\/p>\n\n\n\n<p>Unser Ziel ist es, Ihnen die besten Tarife, den besten Service und das beste Fahrzeug zu bieten &#8211; und das mit minimalem Aufwand. Starten Sie noch heute und finden Sie heraus, warum wir die Besten sind!<\/p>\n<\/div><\/div>\n\n<\/div><\/div>","protected":false},"excerpt":{"rendered":"<p>\u00dcber uns Willkommen bei CampervanFinder.com, der Wohnmobilvermietung in den USA mit massiven Einsparungen! In den letzten 5 Jahren haben wir die besten Angebote f\u00fcr alle Arten von Freizeitfahrzeugen von f\u00fchrenden Anbietern in den Vereinigten Staaten von Amerika aufgesp\u00fcrt. Wir sind auf Wohnmobile, Wohnwagen und preisg\u00fcnstige Transporter spezialisiert und haben bereits Tausende von Fahrzeugen an zufriedene&#8230;<\/p>\n","protected":false},"author":2,"featured_media":0,"parent":0,"menu_order":0,"comment_status":"closed","ping_status":"closed","template":"","meta":{"_kad_blocks_custom_css":"","_kad_blocks_head_custom_js":"","_kad_blocks_body_custom_js":"","_kad_blocks_footer_custom_js":"","_kadence_starter_templates_imported_post":false,"_kad_post_transparent":"","_kad_post_title":"","_kad_post_layout":"","_kad_post_sidebar_id":"","_kad_post_content_style":"","_kad_post_vertical_padding":"","_kad_post_feature":"","_kad_post_feature_position":"","_kad_post_header":false,"_kad_post_footer":false,"footnotes":""},"class_list":["post-6163","page","type-page","status-publish","hentry"],"taxonomy_info":[],"featured_image_src_large":false,"author_info":{"display_name":"Ace","author_link":"https:\/\/campervanhirehobart.com.au\/de\/author\/ace\/"},"comment_info":0,"_links":{"self":[{"href":"https:\/\/campervanhirehobart.com.au\/de\/wp-json\/wp\/v2\/pages\/6163","targetHints":{"allow":["GET"]}}],"collection":[{"href":"https:\/\/campervanhirehobart.com.au\/de\/wp-json\/wp\/v2\/pages"}],"about":[{"href":"https:\/\/campervanhirehobart.com.au\/de\/wp-json\/wp\/v2\/types\/page"}],"author":[{"embeddable":true,"href":"https:\/\/campervanhirehobart.com.au\/de\/wp-json\/wp\/v2\/users\/2"}],"replies":[{"embeddable":true,"href":"https:\/\/campervanhirehobart.com.au\/de\/wp-json\/wp\/v2\/comments?post=6163"}],"version-history":[{"count":3,"href":"https:\/\/campervanhirehobart.com.au\/de\/wp-json\/wp\/v2\/pages\/6163\/revisions"}],"predecessor-version":[{"id":6166,"href":"https:\/\/campervanhirehobart.com.au\/de\/wp-json\/wp\/v2\/pages\/6163\/revisions\/6166"}],"wp:attachment":[{"href":"https:\/\/campervanhirehobart.com.au\/de\/wp-json\/wp\/v2\/media?parent=6163"}],"curies":[{"name":"wp","href":"https:\/\/api.w.org\/{rel}","templated":true}]}}